{"id":4351,"date":"2020-11-09T16:35:05","date_gmt":"2020-11-09T15:35:05","guid":{"rendered":"https:\/\/nmw.law\/?page_id=4351"},"modified":"2026-03-16T10:26:29","modified_gmt":"2026-03-16T09:26:29","slug":"jerome-gallot","status":"publish","type":"page","link":"https:\/\/nmw.law\/en\/gallot-jerome\/","title":{"rendered":"J\u00e9r\u00f4me Gallot"},"content":{"rendered":"<div class=\"wpb-content-wrapper\"><p>[vc_row full_width=&#8221;stretch_row&#8221; bg_type=&#8221;image&#8221; parallax_style=&#8221;vcpb-vz-jquery&#8221; bg_image_new=&#8221;id^3703|url^http:\/\/www.nmwdelormeau.com\/wp-content\/uploads\/AdobeStock_91189095.jpeg|caption^null|alt^null|title^AdobeStock_91189095|description^null&#8221; bg_image_repeat=&#8221;no-repeat&#8221; bg_img_attach=&#8221;fixed&#8221; el_class=&#8221;header_page_interieure&#8221;][vc_column]<div id=\"ultimate-heading-143869d32c375947d\" class=\"uvc-heading ult-adjust-bottom-margin ultimate-heading-143869d32c375947d uvc-344 \" data-hspacer=\"no_spacer\"  data-halign=\"left\" style=\"text-align:left\"><div class=\"uvc-heading-spacer no_spacer\" style=\"top\"><\/div><div class=\"uvc-main-heading ult-responsive\"  data-ultimate-target='.uvc-heading.ultimate-heading-143869d32c375947d p'  data-responsive-json-new='{\"font-size\":\"\",\"line-height\":\"\"}' ><p style=\"font-weight:normal;\">NMW <\/p><\/div><\/div><div id=\"ultimate-heading-852569d32c3759490\" class=\"uvc-heading ult-adjust-bottom-margin ultimate-heading-852569d32c3759490 uvc-4815 \" data-hspacer=\"no_spacer\"  data-halign=\"left\" style=\"text-align:left\"><div class=\"uvc-heading-spacer no_spacer\" style=\"top\"><\/div><div class=\"uvc-main-heading ult-responsive\"  data-ultimate-target='.uvc-heading.ultimate-heading-852569d32c3759490 h1'  data-responsive-json-new='{\"font-size\":\"\",\"line-height\":\"\"}' ><h1 style=\"font-weight:normal;\">J\u00e9r\u00f4me Gallot<\/h1><\/div><div class=\"uvc-sub-heading ult-responsive\"  data-ultimate-target='.uvc-heading.ultimate-heading-852569d32c3759490 .uvc-sub-heading '  data-responsive-json-new='{\"font-size\":\"\",\"line-height\":\"\"}'  style=\"font-weight:normal;\"><br \/>\n<\/div><\/div>[\/vc_column][\/vc_row][vc_row][vc_column width=&#8221;2\/3&#8243;][vc_column_text]<\/p>\n<div class=\"col-sm-3\"><img loading=\"lazy\" decoding=\"async\" class=\"alignnone wp-image-4354 size-medium\" src=\"https:\/\/nmw.law\/wp-content\/uploads\/jerome-gallot-2-267x400.jpg\" alt=\"\" width=\"267\" height=\"400\" srcset=\"https:\/\/nmw.law\/wp-content\/uploads\/jerome-gallot-2-267x400.jpg 267w, https:\/\/nmw.law\/wp-content\/uploads\/jerome-gallot-2-200x300.jpg 200w, https:\/\/nmw.law\/wp-content\/uploads\/jerome-gallot-2.jpg 289w\" sizes=\"auto, (max-width: 267px) 100vw, 267px\" \/><\/div>\n<div class=\"col-sm-9\">\n<p><strong>Senior Advisor<\/strong><\/p>\n<p>&nbsp;<\/p>\n<p><strong>Main practice areas<\/strong><\/p>\n<p>Competition law, consumer law<\/p>\n<p>&nbsp;<\/p>\n<p><strong>Languages :<\/strong><\/p>\n<p>French and English<\/p>\n<p>&nbsp;<\/p>\n<p><strong>Profile :<\/strong><\/p>\n<p>J\u00e9r\u00f4me Gallot was first appointed at the Cour des Comptes (1985) and then became Financial advisor to the Secretary General for European economic co-operation (1989). He was Chief of Staff at the Ministry of Civil Service, Finance and International Trade. He has been Managing Director of the Competition, Consumer Affairs and Anti-Fraud Division of the Ministry of the Economy and Finance (DGCCRF) from 1997 to 2003 where he became Senior Executive Vice President, Retirement &#8211; Member of the Executive Committee, Caisse des D\u00e9p\u00f4ts et Consignations, (January 2003), and then Member of the Caisse des D\u00e9p\u00f4ts Management Committee (June 2003). He bas been CEO of CDC Entreprises until 2011, and then Deputy General Manager of Veolia Environnement, and General Manager of Veolia Transport and Transdev.He is now advisor in competition law and consumer law.<\/p>\n<p>&nbsp;<\/p>\n<p><strong>Education :<\/strong><\/p>\n<ul>\n<li>Institut d&#8217;\u00c9tudes Politiques (IEP)<\/li>\n<li>Paris \u00c9cole Nationale d&#8217;Administration (ENA)<\/li>\n<\/ul>\n<\/div>\n<p>[\/vc_column_text][\/vc_column][vc_column width=&#8221;1\/3&#8243;][vc_wp_custommenu nav_menu=&#8221;37&#8243;][\/vc_column][\/vc_row][vc_row][vc_column]<div class=\"ult-spacer spacer-69d32c375949f\" data-id=\"69d32c375949f\" data-height=\"100\" data-height-mobile=\"100\" data-height-tab=\"100\" data-height-tab-portrait=\"\" data-height-mobile-landscape=\"\" style=\"clear:both;display:block;\"><\/div>[\/vc_column][\/vc_row]<\/p>\n<\/div>","protected":false},"excerpt":{"rendered":"<p>[vc_row full_width=&#8221;stretch_row&#8221; bg_type=&#8221;image&#8221; parallax_style=&#8221;vcpb-vz-jquery&#8221; bg_image_new=&#8221;id^3703|url^http:\/\/www.nmwdelormeau.com\/wp-content\/uploads\/AdobeStock_91189095.jpeg|caption^null|alt^null|title^AdobeStock_91189095|description^null&#8221; bg_image_repeat=&#8221;no-repeat&#8221; bg_img_attach=&#8221;fixed&#8221; el_class=&#8221;header_page_interieure&#8221;][vc_column][\/vc_column][\/vc_row][vc_row][vc_column width=&#8221;2\/3&#8243;][vc_column_text] Senior Advisor &nbsp; Main practice areas Competition law, consumer law &nbsp; Languages : French and English &nbsp; Profile : J\u00e9r\u00f4me Gallot was first appointed at the Cour des Comptes (1985) and then became Financial advisor to the Secretary General for European economic co-operation (1989). He was &hellip; <a href=\"https:\/\/nmw.law\/en\/gallot-jerome\/\">Continued<\/a><\/p>\n","protected":false},"author":1,"featured_media":4354,"parent":0,"menu_order":1,"comment_status":"closed","ping_status":"closed","template":"template-custom.php","meta":{"_acf_changed":false,"ngg_post_thumbnail":0,"footnotes":""},"class_list":["post-4351","page","type-page","status-publish","has-post-thumbnail","hentry"],"acf":[],"aioseo_notices":[],"yoast_head":"<!-- This site is optimized with the Yoast SEO plugin v26.4 - https:\/\/yoast.com\/wordpress\/plugins\/seo\/ -->\n<title>J\u00e9r\u00f4me Gallot - NMW Law<\/title>\n<meta name=\"robots\" content=\"index, follow, max-snippet:-1, max-image-preview:large, max-video-preview:-1\" \/>\n<link rel=\"canonical\" href=\"https:\/\/nmw.law\/gallot-jerome\/\" \/>\n<meta property=\"og:locale\" content=\"en_US\" \/>\n<meta property=\"og:type\" content=\"article\" \/>\n<meta property=\"og:title\" content=\"J\u00e9r\u00f4me Gallot - NMW Law\" \/>\n<meta property=\"og:description\" content=\"[vc_row full_width=&#8221;stretch_row&#8221; bg_type=&#8221;image&#8221; parallax_style=&#8221;vcpb-vz-jquery&#8221; bg_image_new=&#8221;id^3703|url^http:\/\/www.nmwdelormeau.com\/wp-content\/uploads\/AdobeStock_91189095.jpeg|caption^null|alt^null|title^AdobeStock_91189095|description^null&#8221; bg_image_repeat=&#8221;no-repeat&#8221; bg_img_attach=&#8221;fixed&#8221; el_class=&#8221;header_page_interieure&#8221;][vc_column][\/vc_column][\/vc_row][vc_row][vc_column width=&#8221;2\/3&#8243;][vc_column_text] Senior Advisor &nbsp; Main practice areas Competition law, consumer law &nbsp; Languages : French and English &nbsp; Profile : J\u00e9r\u00f4me Gallot was first appointed at the Cour des Comptes (1985) and then became Financial advisor to the Secretary General for European economic co-operation (1989). He was &hellip; Continued\" \/>\n<meta property=\"og:url\" content=\"https:\/\/nmw.law\/gallot-jerome\/\" \/>\n<meta property=\"og:site_name\" content=\"NMW Law\" \/>\n<meta property=\"article:modified_time\" content=\"2026-03-16T09:26:29+00:00\" \/>\n<meta property=\"og:image\" content=\"https:\/\/nmw.law\/wp-content\/uploads\/jerome-gallot-2.jpg\" \/>\n\t<meta property=\"og:image:width\" content=\"289\" \/>\n\t<meta property=\"og:image:height\" content=\"433\" \/>\n\t<meta property=\"og:image:type\" content=\"image\/jpeg\" \/>\n<meta name=\"twitter:card\" content=\"summary_large_image\" \/>\n<meta name=\"twitter:label1\" content=\"Est. reading time\" \/>\n\t<meta name=\"twitter:data1\" content=\"2 minutes\" \/>\n<script type=\"application\/ld+json\" class=\"yoast-schema-graph\">{\"@context\":\"https:\/\/schema.org\",\"@graph\":[{\"@type\":\"WebPage\",\"@id\":\"https:\/\/nmw.law\/gallot-jerome\/\",\"url\":\"https:\/\/nmw.law\/gallot-jerome\/\",\"name\":\"J\u00e9r\u00f4me Gallot - NMW Law\",\"isPartOf\":{\"@id\":\"https:\/\/nmw.law\/#website\"},\"primaryImageOfPage\":{\"@id\":\"https:\/\/nmw.law\/gallot-jerome\/#primaryimage\"},\"image\":{\"@id\":\"https:\/\/nmw.law\/gallot-jerome\/#primaryimage\"},\"thumbnailUrl\":\"https:\/\/nmw.law\/wp-content\/uploads\/jerome-gallot-2.jpg\",\"datePublished\":\"2020-11-09T15:35:05+00:00\",\"dateModified\":\"2026-03-16T09:26:29+00:00\",\"breadcrumb\":{\"@id\":\"https:\/\/nmw.law\/gallot-jerome\/#breadcrumb\"},\"inLanguage\":\"en-US\",\"potentialAction\":[{\"@type\":\"ReadAction\",\"target\":[\"https:\/\/nmw.law\/gallot-jerome\/\"]}]},{\"@type\":\"ImageObject\",\"inLanguage\":\"en-US\",\"@id\":\"https:\/\/nmw.law\/gallot-jerome\/#primaryimage\",\"url\":\"https:\/\/nmw.law\/wp-content\/uploads\/jerome-gallot-2.jpg\",\"contentUrl\":\"https:\/\/nmw.law\/wp-content\/uploads\/jerome-gallot-2.jpg\",\"width\":289,\"height\":433},{\"@type\":\"BreadcrumbList\",\"@id\":\"https:\/\/nmw.law\/gallot-jerome\/#breadcrumb\",\"itemListElement\":[{\"@type\":\"ListItem\",\"position\":1,\"name\":\"Accueil\",\"item\":\"https:\/\/nmw.law\/\"},{\"@type\":\"ListItem\",\"position\":2,\"name\":\"J\u00e9r\u00f4me Gallot\"}]},{\"@type\":\"WebSite\",\"@id\":\"https:\/\/nmw.law\/#website\",\"url\":\"https:\/\/nmw.law\/\",\"name\":\"NMW Law\",\"description\":\"\",\"potentialAction\":[{\"@type\":\"SearchAction\",\"target\":{\"@type\":\"EntryPoint\",\"urlTemplate\":\"https:\/\/nmw.law\/?s={search_term_string}\"},\"query-input\":{\"@type\":\"PropertyValueSpecification\",\"valueRequired\":true,\"valueName\":\"search_term_string\"}}],\"inLanguage\":\"en-US\"}]}<\/script>\n<!-- \/ Yoast SEO plugin. -->","yoast_head_json":{"title":"J\u00e9r\u00f4me Gallot - NMW Law","robots":{"index":"index","follow":"follow","max-snippet":"max-snippet:-1","max-image-preview":"max-image-preview:large","max-video-preview":"max-video-preview:-1"},"canonical":"https:\/\/nmw.law\/gallot-jerome\/","og_locale":"en_US","og_type":"article","og_title":"J\u00e9r\u00f4me Gallot - NMW Law","og_description":"[vc_row full_width=&#8221;stretch_row&#8221; bg_type=&#8221;image&#8221; parallax_style=&#8221;vcpb-vz-jquery&#8221; bg_image_new=&#8221;id^3703|url^http:\/\/www.nmwdelormeau.com\/wp-content\/uploads\/AdobeStock_91189095.jpeg|caption^null|alt^null|title^AdobeStock_91189095|description^null&#8221; bg_image_repeat=&#8221;no-repeat&#8221; bg_img_attach=&#8221;fixed&#8221; el_class=&#8221;header_page_interieure&#8221;][vc_column][\/vc_column][\/vc_row][vc_row][vc_column width=&#8221;2\/3&#8243;][vc_column_text] Senior Advisor &nbsp; Main practice areas Competition law, consumer law &nbsp; Languages : French and English &nbsp; Profile : J\u00e9r\u00f4me Gallot was first appointed at the Cour des Comptes (1985) and then became Financial advisor to the Secretary General for European economic co-operation (1989). He was &hellip; Continued","og_url":"https:\/\/nmw.law\/gallot-jerome\/","og_site_name":"NMW Law","article_modified_time":"2026-03-16T09:26:29+00:00","og_image":[{"width":289,"height":433,"url":"https:\/\/nmw.law\/wp-content\/uploads\/jerome-gallot-2.jpg","type":"image\/jpeg"}],"twitter_card":"summary_large_image","twitter_misc":{"Est. reading time":"2 minutes"},"schema":{"@context":"https:\/\/schema.org","@graph":[{"@type":"WebPage","@id":"https:\/\/nmw.law\/gallot-jerome\/","url":"https:\/\/nmw.law\/gallot-jerome\/","name":"J\u00e9r\u00f4me Gallot - NMW Law","isPartOf":{"@id":"https:\/\/nmw.law\/#website"},"primaryImageOfPage":{"@id":"https:\/\/nmw.law\/gallot-jerome\/#primaryimage"},"image":{"@id":"https:\/\/nmw.law\/gallot-jerome\/#primaryimage"},"thumbnailUrl":"https:\/\/nmw.law\/wp-content\/uploads\/jerome-gallot-2.jpg","datePublished":"2020-11-09T15:35:05+00:00","dateModified":"2026-03-16T09:26:29+00:00","breadcrumb":{"@id":"https:\/\/nmw.law\/gallot-jerome\/#breadcrumb"},"inLanguage":"en-US","potentialAction":[{"@type":"ReadAction","target":["https:\/\/nmw.law\/gallot-jerome\/"]}]},{"@type":"ImageObject","inLanguage":"en-US","@id":"https:\/\/nmw.law\/gallot-jerome\/#primaryimage","url":"https:\/\/nmw.law\/wp-content\/uploads\/jerome-gallot-2.jpg","contentUrl":"https:\/\/nmw.law\/wp-content\/uploads\/jerome-gallot-2.jpg","width":289,"height":433},{"@type":"BreadcrumbList","@id":"https:\/\/nmw.law\/gallot-jerome\/#breadcrumb","itemListElement":[{"@type":"ListItem","position":1,"name":"Accueil","item":"https:\/\/nmw.law\/"},{"@type":"ListItem","position":2,"name":"J\u00e9r\u00f4me Gallot"}]},{"@type":"WebSite","@id":"https:\/\/nmw.law\/#website","url":"https:\/\/nmw.law\/","name":"NMW Law","description":"","potentialAction":[{"@type":"SearchAction","target":{"@type":"EntryPoint","urlTemplate":"https:\/\/nmw.law\/?s={search_term_string}"},"query-input":{"@type":"PropertyValueSpecification","valueRequired":true,"valueName":"search_term_string"}}],"inLanguage":"en-US"}]}},"_links":{"self":[{"href":"https:\/\/nmw.law\/en\/wp-json\/wp\/v2\/pages\/4351","targetHints":{"allow":["GET"]}}],"collection":[{"href":"https:\/\/nmw.law\/en\/wp-json\/wp\/v2\/pages"}],"about":[{"href":"https:\/\/nmw.law\/en\/wp-json\/wp\/v2\/types\/page"}],"author":[{"embeddable":true,"href":"https:\/\/nmw.law\/en\/wp-json\/wp\/v2\/users\/1"}],"replies":[{"embeddable":true,"href":"https:\/\/nmw.law\/en\/wp-json\/wp\/v2\/comments?post=4351"}],"version-history":[{"count":0,"href":"https:\/\/nmw.law\/en\/wp-json\/wp\/v2\/pages\/4351\/revisions"}],"wp:featuredmedia":[{"embeddable":true,"href":"https:\/\/nmw.law\/en\/wp-json\/wp\/v2\/media\/4354"}],"wp:attachment":[{"href":"https:\/\/nmw.law\/en\/wp-json\/wp\/v2\/media?parent=4351"}],"curies":[{"name":"wp","href":"https:\/\/api.w.org\/{rel}","templated":true}]}}