{"id":4119,"date":"2018-11-30T16:32:10","date_gmt":"2018-11-30T15:32:10","guid":{"rendered":"https:\/\/www.nmwdelormeau.com\/?page_id=4119"},"modified":"2026-03-16T17:21:15","modified_gmt":"2026-03-16T16:21:15","slug":"anne-chary","status":"publish","type":"page","link":"https:\/\/nmw.law\/en\/le-cabinet\/notre-equipe\/anne-chary\/","title":{"rendered":"Anne Chary"},"content":{"rendered":"<div class=\"wpb-content-wrapper\"><p>[vc_row full_width=&#8221;stretch_row&#8221; parallax=&#8221;content-moving&#8221; parallax_image=&#8221;3717&#8243;][vc_column]<div id=\"ultimate-heading-330669e9399d22668\" class=\"uvc-heading ult-adjust-bottom-margin ultimate-heading-330669e9399d22668 uvc-3263 header_page_interieure\" data-hspacer=\"no_spacer\"  data-halign=\"center\" style=\"text-align:center\"><div class=\"uvc-heading-spacer no_spacer\" style=\"top\"><\/div><div class=\"uvc-main-heading ult-responsive\"  data-ultimate-target='.uvc-heading.ultimate-heading-330669e9399d22668 h1'  data-responsive-json-new='{\"font-size\":\"\",\"line-height\":\"\"}' ><h1 style=\"font-weight:normal;\">Anne Chary<\/h1><\/div><div class=\"uvc-sub-heading ult-responsive\"  data-ultimate-target='.uvc-heading.ultimate-heading-330669e9399d22668 .uvc-sub-heading '  data-responsive-json-new='{\"font-size\":\"\",\"line-height\":\"\"}'  style=\"font-weight:normal;\"><br \/>\n<\/div><\/div>[\/vc_column][\/vc_row][vc_row css=&#8221;.vc_custom_1510313858318{margin-top: 30px !important;margin-bottom: 30px !important;border-top-width: 4px !important;border-right-width: 4px !important;border-bottom-width: 4px !important;border-left-width: 4px !important;border-left-color: #f5f8f5 !important;border-left-style: solid !important;border-right-color: #f5f8f5 !important;border-right-style: solid !important;border-top-color: #f5f8f5 !important;border-top-style: solid !important;border-bottom-color: #f5f8f5 !important;border-bottom-style: solid !important;}&#8221;][vc_column width=&#8221;1\/4&#8243;][vc_single_image image=&#8221;4316&#8243; img_size=&#8221;large&#8221; alignment=&#8221;center&#8221; css_animation=&#8221;fadeIn&#8221; css=&#8221;.vc_custom_1773678073429{padding-top: 15px !important;}&#8221;][\/vc_column][vc_column width=&#8221;3\/4&#8243;][vc_row_inner][vc_column_inner width=&#8221;1\/12&#8243;][\/vc_column_inner][vc_column_inner width=&#8221;10\/12&#8243;][vc_column_text]<\/p>\n<h3>Main practice Areas :<\/h3>\n<p>[\/vc_column_text][vc_column_text]<\/p>\n<ul>\n<li>Legal audits<\/li>\n<li>Real estate law : residential and commercial<\/li>\n<li>Commonhold\/ Condominium law<\/li>\n<li>Construction law<\/li>\n<li>Off-plan sales (VEFA)<\/li>\n<li>Patrimonial law<\/li>\n<\/ul>\n<p>[\/vc_column_text][\/vc_column_inner][vc_column_inner width=&#8221;1\/12&#8243;][\/vc_column_inner][\/vc_row_inner][\/vc_column][\/vc_row][vc_row css=&#8221;.vc_custom_1510313633033{margin-bottom: 30px !important;}&#8221;][vc_column width=&#8221;1\/4&#8243;][\/vc_column][vc_column width=&#8221;1\/4&#8243; css=&#8221;.vc_custom_1510313585080{margin-top: 0px !important;border-top-width: 1px !important;border-right-width: 1px !important;border-bottom-width: 1px !important;border-left-width: 1px !important;padding-top: 10px !important;background-color: #f5f8f5 !important;border-left-color: #ffffff !important;border-left-style: solid !important;border-right-color: #ffffff !important;border-right-style: solid !important;border-top-color: #ffffff !important;border-top-style: solid !important;border-bottom-color: #ffffff !important;border-bottom-style: solid !important;}&#8221;][vc_column_text css=&#8221;.vc_custom_1541423451449{margin-bottom: 12px !important;padding-top: 10px !important;}&#8221;]<\/p>\n<p><strong>T\u00e9l\u00e9charger la VCard<\/strong><\/p>\n<p>[\/vc_column_text][\/vc_column][vc_column width=&#8221;1\/4&#8243; css=&#8221;.vc_custom_1510314108231{margin-top: 0px !important;border-top-width: 1px !important;border-right-width: 1px !important;border-bottom-width: 1px !important;border-left-width: 1px !important;padding-top: 10px !important;background-color: #f5f8f5 !important;border-left-color: #ffffff !important;border-left-style: solid !important;border-right-color: #ffffff !important;border-right-style: solid !important;border-top-color: #ffffff !important;border-top-style: solid !important;border-bottom-color: #ffffff !important;border-bottom-style: solid !important;}&#8221;][vc_column_text css=&#8221;.vc_custom_1543591924086{margin-bottom: 12px !important;padding-top: 10px !important;}&#8221;]<a href=\"mailto:achary@nmw.law\"><strong>Contacter par email<\/strong><\/a>[\/vc_column_text][\/vc_column][vc_column width=&#8221;1\/4&#8243;][\/vc_column][\/vc_row][vc_row][vc_column][vc_column_text]<strong>Anne Chary is a specialist in real estate investments and real estate law. She is a graduate of graduate of the Paris&nbsp;II and Paris&nbsp;I law universities and obtained the diploma required for exercising as notary in France.<\/strong><\/p>\n<p><strong>Anne Chary has spent 22 years in several Parisian notarial firms including Cheuvreux et associ\u00e9s and Wargny &amp; Katz, where she was involved in a multitude of real estate transactions in both residential and tertiary real estate.&nbsp;<\/strong><\/p>\n<p><strong>Anne Chary has a recognised expertise in acquisition of buildings (residential, office, commercial, business) or companies with real estate underlying assets. In this capacity, Anne Chary has participated over the last twenty years in one hundred real estate transactions for several French and foreign investment funds and institutional investors for the implementation of complex real estate transactions.<\/strong><\/p>\n<p><strong>Her fields of expertise cover urban planning, construction and commonhold\/ condominium law.<\/strong><\/p>\n<p><strong>Anne Chary has brought NMW her expertise and technical skills in the legal analysis of data rooms and the securitisation of residential and tertiary real estate portfolios and assets for French and foreign clients.<\/strong><\/p>\n<p><strong>She participates in the coordination and implementation of complex transactions requiring cross-cutting skills, particularly with notaries, developers and town-city planning services.<\/strong>[\/vc_column_text][\/vc_column][\/vc_row][vc_row bg_type=&#8221;bg_color&#8221; bg_color_value=&#8221;#f6f8f6&#8243;][vc_column width=&#8221;1\/12&#8243;][\/vc_column][vc_column width=&#8221;10\/12&#8243;][vc_column_text]<\/p>\n<h3>Languages :<\/h3>\n<p>[\/vc_column_text][vc_column_text]<\/p>\n<ul>\n<li>English<\/li>\n<li>French<\/li>\n<\/ul>\n<p>[\/vc_column_text][vc_column_text]<\/p>\n<h3>Career and education :<\/h3>\n<p>[\/vc_column_text][vc_column_text]<\/p>\n<ul>\n<li>Dipl\u00f4me Sup\u00e9rieur du Notariat &#8211; Paris&nbsp;I &#8211; Panth\u00e9on Sorbonne<\/li>\n<li>Ma\u00eetrise droit des affaires &#8211; Paris&nbsp;II &#8211; Panth\u00e9on Assas<\/li>\n<\/ul>\n<p>[\/vc_column_text][vc_empty_space height=&#8221;16px&#8221;][\/vc_column][vc_column width=&#8221;1\/12&#8243;][\/vc_column][\/vc_row]<\/p>\n<\/div>","protected":false},"excerpt":{"rendered":"<p>[vc_row full_width=&#8221;stretch_row&#8221; parallax=&#8221;content-moving&#8221; parallax_image=&#8221;3717&#8243;][vc_column][\/vc_column][\/vc_row][vc_row css=&#8221;.vc_custom_1510313858318{margin-top: 30px !important;margin-bottom: 30px !important;border-top-width: 4px !important;border-right-width: 4px !important;border-bottom-width: 4px !important;border-left-width: 4px !important;border-left-color: #f5f8f5 !important;border-left-style: solid !important;border-right-color: #f5f8f5 !important;border-right-style: solid !important;border-top-color: #f5f8f5 !important;border-top-style: solid !important;border-bottom-color: #f5f8f5 !important;border-bottom-style: solid !important;}&#8221;][vc_column width=&#8221;1\/4&#8243;][vc_single_image image=&#8221;4316&#8243; img_size=&#8221;large&#8221; alignment=&#8221;center&#8221; css_animation=&#8221;fadeIn&#8221; css=&#8221;.vc_custom_1773678073429{padding-top: 15px !important;}&#8221;][\/vc_column][vc_column width=&#8221;3\/4&#8243;][vc_row_inner][vc_column_inner width=&#8221;1\/12&#8243;][\/vc_column_inner][vc_column_inner width=&#8221;10\/12&#8243;][vc_column_text] Main practice Areas : [\/vc_column_text][vc_column_text] Legal audits Real estate law : &hellip; <a href=\"https:\/\/nmw.law\/en\/le-cabinet\/notre-equipe\/anne-chary\/\">Continued<\/a><\/p>\n","protected":false},"author":2,"featured_media":4316,"parent":14,"menu_order":18,"comment_status":"closed","ping_status":"closed","template":"template-custom.php","meta":{"_acf_changed":false,"ngg_post_thumbnail":0,"footnotes":""},"class_list":["post-4119","page","type-page","status-publish","has-post-thumbnail","hentry"],"acf":[],"aioseo_notices":[],"yoast_head":"<!-- This site is optimized with the Yoast SEO plugin v26.4 - https:\/\/yoast.com\/wordpress\/plugins\/seo\/ -->\n<title>Anne Chary - NMW Law<\/title>\n<meta name=\"robots\" content=\"index, follow, max-snippet:-1, max-image-preview:large, max-video-preview:-1\" \/>\n<link rel=\"canonical\" href=\"https:\/\/nmw.law\/le-cabinet\/notre-equipe\/anne-chary\/\" \/>\n<meta property=\"og:locale\" content=\"en_US\" \/>\n<meta property=\"og:type\" content=\"article\" \/>\n<meta property=\"og:title\" content=\"Anne Chary - NMW Law\" \/>\n<meta property=\"og:description\" content=\"[vc_row full_width=&#8221;stretch_row&#8221; parallax=&#8221;content-moving&#8221; parallax_image=&#8221;3717&#8243;][vc_column][\/vc_column][\/vc_row][vc_row css=&#8221;.vc_custom_1510313858318{margin-top: 30px !important;margin-bottom: 30px !important;border-top-width: 4px !important;border-right-width: 4px !important;border-bottom-width: 4px !important;border-left-width: 4px !important;border-left-color: #f5f8f5 !important;border-left-style: solid !important;border-right-color: #f5f8f5 !important;border-right-style: solid !important;border-top-color: #f5f8f5 !important;border-top-style: solid !important;border-bottom-color: #f5f8f5 !important;border-bottom-style: solid !important;}&#8221;][vc_column width=&#8221;1\/4&#8243;][vc_single_image image=&#8221;4316&#8243; img_size=&#8221;large&#8221; alignment=&#8221;center&#8221; css_animation=&#8221;fadeIn&#8221; css=&#8221;.vc_custom_1773678073429{padding-top: 15px !important;}&#8221;][\/vc_column][vc_column width=&#8221;3\/4&#8243;][vc_row_inner][vc_column_inner width=&#8221;1\/12&#8243;][\/vc_column_inner][vc_column_inner width=&#8221;10\/12&#8243;][vc_column_text] Main practice Areas : [\/vc_column_text][vc_column_text] Legal audits Real estate law : &hellip; Continued\" \/>\n<meta property=\"og:url\" content=\"https:\/\/nmw.law\/le-cabinet\/notre-equipe\/anne-chary\/\" \/>\n<meta property=\"og:site_name\" content=\"NMW Law\" \/>\n<meta property=\"article:modified_time\" content=\"2026-03-16T16:21:15+00:00\" \/>\n<meta property=\"og:image\" content=\"https:\/\/nmw.law\/wp-content\/uploads\/3-1-e1600438381674.jpg\" \/>\n\t<meta property=\"og:image:width\" content=\"205\" \/>\n\t<meta property=\"og:image:height\" content=\"330\" \/>\n\t<meta property=\"og:image:type\" content=\"image\/jpeg\" \/>\n<meta name=\"twitter:card\" content=\"summary_large_image\" \/>\n<meta name=\"twitter:label1\" content=\"Est. reading time\" \/>\n\t<meta name=\"twitter:data1\" content=\"3 minutes\" \/>\n<script type=\"application\/ld+json\" class=\"yoast-schema-graph\">{\"@context\":\"https:\/\/schema.org\",\"@graph\":[{\"@type\":\"WebPage\",\"@id\":\"https:\/\/nmw.law\/le-cabinet\/notre-equipe\/anne-chary\/\",\"url\":\"https:\/\/nmw.law\/le-cabinet\/notre-equipe\/anne-chary\/\",\"name\":\"Anne Chary - NMW Law\",\"isPartOf\":{\"@id\":\"https:\/\/nmw.law\/#website\"},\"primaryImageOfPage\":{\"@id\":\"https:\/\/nmw.law\/le-cabinet\/notre-equipe\/anne-chary\/#primaryimage\"},\"image\":{\"@id\":\"https:\/\/nmw.law\/le-cabinet\/notre-equipe\/anne-chary\/#primaryimage\"},\"thumbnailUrl\":\"https:\/\/nmw.law\/wp-content\/uploads\/3-1-e1600438381674.jpg\",\"datePublished\":\"2018-11-30T15:32:10+00:00\",\"dateModified\":\"2026-03-16T16:21:15+00:00\",\"breadcrumb\":{\"@id\":\"https:\/\/nmw.law\/le-cabinet\/notre-equipe\/anne-chary\/#breadcrumb\"},\"inLanguage\":\"en-US\",\"potentialAction\":[{\"@type\":\"ReadAction\",\"target\":[\"https:\/\/nmw.law\/le-cabinet\/notre-equipe\/anne-chary\/\"]}]},{\"@type\":\"ImageObject\",\"inLanguage\":\"en-US\",\"@id\":\"https:\/\/nmw.law\/le-cabinet\/notre-equipe\/anne-chary\/#primaryimage\",\"url\":\"https:\/\/nmw.law\/wp-content\/uploads\/3-1-e1600438381674.jpg\",\"contentUrl\":\"https:\/\/nmw.law\/wp-content\/uploads\/3-1-e1600438381674.jpg\",\"width\":205,\"height\":330},{\"@type\":\"BreadcrumbList\",\"@id\":\"https:\/\/nmw.law\/le-cabinet\/notre-equipe\/anne-chary\/#breadcrumb\",\"itemListElement\":[{\"@type\":\"ListItem\",\"position\":1,\"name\":\"Accueil\",\"item\":\"https:\/\/nmw.law\/\"},{\"@type\":\"ListItem\",\"position\":2,\"name\":\"Le cabinet\",\"item\":\"https:\/\/nmw.law\/le-cabinet\/\"},{\"@type\":\"ListItem\",\"position\":3,\"name\":\"Notre \u00e9quipe\",\"item\":\"https:\/\/nmw.law\/le-cabinet\/notre-equipe\/\"},{\"@type\":\"ListItem\",\"position\":4,\"name\":\"Anne Chary\"}]},{\"@type\":\"WebSite\",\"@id\":\"https:\/\/nmw.law\/#website\",\"url\":\"https:\/\/nmw.law\/\",\"name\":\"NMW Law\",\"description\":\"\",\"potentialAction\":[{\"@type\":\"SearchAction\",\"target\":{\"@type\":\"EntryPoint\",\"urlTemplate\":\"https:\/\/nmw.law\/?s={search_term_string}\"},\"query-input\":{\"@type\":\"PropertyValueSpecification\",\"valueRequired\":true,\"valueName\":\"search_term_string\"}}],\"inLanguage\":\"en-US\"}]}<\/script>\n<!-- \/ Yoast SEO plugin. -->","yoast_head_json":{"title":"Anne Chary - NMW Law","robots":{"index":"index","follow":"follow","max-snippet":"max-snippet:-1","max-image-preview":"max-image-preview:large","max-video-preview":"max-video-preview:-1"},"canonical":"https:\/\/nmw.law\/le-cabinet\/notre-equipe\/anne-chary\/","og_locale":"en_US","og_type":"article","og_title":"Anne Chary - NMW Law","og_description":"[vc_row full_width=&#8221;stretch_row&#8221; parallax=&#8221;content-moving&#8221; parallax_image=&#8221;3717&#8243;][vc_column][\/vc_column][\/vc_row][vc_row css=&#8221;.vc_custom_1510313858318{margin-top: 30px !important;margin-bottom: 30px !important;border-top-width: 4px !important;border-right-width: 4px !important;border-bottom-width: 4px !important;border-left-width: 4px !important;border-left-color: #f5f8f5 !important;border-left-style: solid !important;border-right-color: #f5f8f5 !important;border-right-style: solid !important;border-top-color: #f5f8f5 !important;border-top-style: solid !important;border-bottom-color: #f5f8f5 !important;border-bottom-style: solid !important;}&#8221;][vc_column width=&#8221;1\/4&#8243;][vc_single_image image=&#8221;4316&#8243; img_size=&#8221;large&#8221; alignment=&#8221;center&#8221; css_animation=&#8221;fadeIn&#8221; css=&#8221;.vc_custom_1773678073429{padding-top: 15px !important;}&#8221;][\/vc_column][vc_column width=&#8221;3\/4&#8243;][vc_row_inner][vc_column_inner width=&#8221;1\/12&#8243;][\/vc_column_inner][vc_column_inner width=&#8221;10\/12&#8243;][vc_column_text] Main practice Areas : [\/vc_column_text][vc_column_text] Legal audits Real estate law : &hellip; Continued","og_url":"https:\/\/nmw.law\/le-cabinet\/notre-equipe\/anne-chary\/","og_site_name":"NMW Law","article_modified_time":"2026-03-16T16:21:15+00:00","og_image":[{"width":205,"height":330,"url":"https:\/\/nmw.law\/wp-content\/uploads\/3-1-e1600438381674.jpg","type":"image\/jpeg"}],"twitter_card":"summary_large_image","twitter_misc":{"Est. reading time":"3 minutes"},"schema":{"@context":"https:\/\/schema.org","@graph":[{"@type":"WebPage","@id":"https:\/\/nmw.law\/le-cabinet\/notre-equipe\/anne-chary\/","url":"https:\/\/nmw.law\/le-cabinet\/notre-equipe\/anne-chary\/","name":"Anne Chary - NMW Law","isPartOf":{"@id":"https:\/\/nmw.law\/#website"},"primaryImageOfPage":{"@id":"https:\/\/nmw.law\/le-cabinet\/notre-equipe\/anne-chary\/#primaryimage"},"image":{"@id":"https:\/\/nmw.law\/le-cabinet\/notre-equipe\/anne-chary\/#primaryimage"},"thumbnailUrl":"https:\/\/nmw.law\/wp-content\/uploads\/3-1-e1600438381674.jpg","datePublished":"2018-11-30T15:32:10+00:00","dateModified":"2026-03-16T16:21:15+00:00","breadcrumb":{"@id":"https:\/\/nmw.law\/le-cabinet\/notre-equipe\/anne-chary\/#breadcrumb"},"inLanguage":"en-US","potentialAction":[{"@type":"ReadAction","target":["https:\/\/nmw.law\/le-cabinet\/notre-equipe\/anne-chary\/"]}]},{"@type":"ImageObject","inLanguage":"en-US","@id":"https:\/\/nmw.law\/le-cabinet\/notre-equipe\/anne-chary\/#primaryimage","url":"https:\/\/nmw.law\/wp-content\/uploads\/3-1-e1600438381674.jpg","contentUrl":"https:\/\/nmw.law\/wp-content\/uploads\/3-1-e1600438381674.jpg","width":205,"height":330},{"@type":"BreadcrumbList","@id":"https:\/\/nmw.law\/le-cabinet\/notre-equipe\/anne-chary\/#breadcrumb","itemListElement":[{"@type":"ListItem","position":1,"name":"Accueil","item":"https:\/\/nmw.law\/"},{"@type":"ListItem","position":2,"name":"Le cabinet","item":"https:\/\/nmw.law\/le-cabinet\/"},{"@type":"ListItem","position":3,"name":"Notre \u00e9quipe","item":"https:\/\/nmw.law\/le-cabinet\/notre-equipe\/"},{"@type":"ListItem","position":4,"name":"Anne Chary"}]},{"@type":"WebSite","@id":"https:\/\/nmw.law\/#website","url":"https:\/\/nmw.law\/","name":"NMW Law","description":"","potentialAction":[{"@type":"SearchAction","target":{"@type":"EntryPoint","urlTemplate":"https:\/\/nmw.law\/?s={search_term_string}"},"query-input":{"@type":"PropertyValueSpecification","valueRequired":true,"valueName":"search_term_string"}}],"inLanguage":"en-US"}]}},"_links":{"self":[{"href":"https:\/\/nmw.law\/en\/wp-json\/wp\/v2\/pages\/4119","targetHints":{"allow":["GET"]}}],"collection":[{"href":"https:\/\/nmw.law\/en\/wp-json\/wp\/v2\/pages"}],"about":[{"href":"https:\/\/nmw.law\/en\/wp-json\/wp\/v2\/types\/page"}],"author":[{"embeddable":true,"href":"https:\/\/nmw.law\/en\/wp-json\/wp\/v2\/users\/2"}],"replies":[{"embeddable":true,"href":"https:\/\/nmw.law\/en\/wp-json\/wp\/v2\/comments?post=4119"}],"version-history":[{"count":0,"href":"https:\/\/nmw.law\/en\/wp-json\/wp\/v2\/pages\/4119\/revisions"}],"up":[{"embeddable":true,"href":"https:\/\/nmw.law\/en\/wp-json\/wp\/v2\/pages\/14"}],"wp:featuredmedia":[{"embeddable":true,"href":"https:\/\/nmw.law\/en\/wp-json\/wp\/v2\/media\/4316"}],"wp:attachment":[{"href":"https:\/\/nmw.law\/en\/wp-json\/wp\/v2\/media?parent=4119"}],"curies":[{"name":"wp","href":"https:\/\/api.w.org\/{rel}","templated":true}]}}