{"id":1345,"date":"2011-07-28T00:18:35","date_gmt":"2011-07-27T23:18:35","guid":{"rendered":"http:\/\/nmwavocats.com\/?page_id=1345"},"modified":"2023-05-22T15:09:06","modified_gmt":"2023-05-22T14:09:06","slug":"philippe-reigne","status":"publish","type":"page","link":"https:\/\/nmw.law\/en\/le-cabinet\/notre-equipe\/philippe-reigne\/","title":{"rendered":"Philippe Reign\u00e9"},"content":{"rendered":"<div class=\"wpb-content-wrapper\"><p>[vc_row full_width=&#8221;stretch_row&#8221; bg_type=&#8221;image&#8221; parallax_style=&#8221;vcpb-vz-jquery&#8221; bg_image_new=&#8221;id^3703|url^http:\/\/www.nmwdelormeau.com\/wp-content\/uploads\/AdobeStock_91189095.jpeg|caption^null|alt^null|title^AdobeStock_91189095|description^null&#8221; bg_image_repeat=&#8221;no-repeat&#8221; bg_img_attach=&#8221;fixed&#8221; el_class=&#8221;header_page_interieure&#8221;][vc_column]<div id=\"ultimate-heading-464169d85a027f5c4\" class=\"uvc-heading ult-adjust-bottom-margin ultimate-heading-464169d85a027f5c4 uvc-5323 \" data-hspacer=\"no_spacer\"  data-halign=\"left\" style=\"text-align:left\"><div class=\"uvc-heading-spacer no_spacer\" style=\"top\"><\/div><div class=\"uvc-main-heading ult-responsive\"  data-ultimate-target='.uvc-heading.ultimate-heading-464169d85a027f5c4 p'  data-responsive-json-new='{\"font-size\":\"\",\"line-height\":\"\"}' ><p style=\"font-weight:normal;\">NMW<\/p><\/div><\/div><div id=\"ultimate-heading-110769d85a027f5e7\" class=\"uvc-heading ult-adjust-bottom-margin ultimate-heading-110769d85a027f5e7 uvc-4677 \" data-hspacer=\"no_spacer\"  data-halign=\"left\" style=\"text-align:left\"><div class=\"uvc-heading-spacer no_spacer\" style=\"top\"><\/div><div class=\"uvc-main-heading ult-responsive\"  data-ultimate-target='.uvc-heading.ultimate-heading-110769d85a027f5e7 h1'  data-responsive-json-new='{\"font-size\":\"\",\"line-height\":\"\"}' ><h1 style=\"font-weight:normal;\">Philippe Reign\u00e9<\/h1><\/div><\/div>[\/vc_column][\/vc_row][vc_row][vc_column width=&#8221;2\/3&#8243;][vc_column_text]<\/p>\n<div class=\"col-sm-3\"><img loading=\"lazy\" decoding=\"async\" class=\"alignnone wp-image-3520 size-medium\" src=\"\/wp-content\/uploads\/Philippe-R-NB-300-267x400.jpg\" width=\"267\" height=\"400\" srcset=\"https:\/\/nmw.law\/wp-content\/uploads\/Philippe-R-NB-300-267x400.jpg 267w, https:\/\/nmw.law\/wp-content\/uploads\/Philippe-R-NB-300-200x300.jpg 200w, https:\/\/nmw.law\/wp-content\/uploads\/Philippe-R-NB-300.jpg 300w\" sizes=\"auto, (max-width: 267px) 100vw, 267px\" \/><\/div>\n<div class=\"col-sm-9\">\n<p style=\"text-align: left;\"><strong>Philippe Reign\u00e9, Professor of Law, Professor at the CNAM<\/strong><br \/>\n<a href=\"mailto:preigne@nmw.law\">preigne@nmw.law<\/a><\/p>\n<p style=\"text-align: left;\">+33 (0) 6 18 89 70 02 \/ +33 (0) 1 83 62 54 54<br \/>\n<a href=\"http:\/\/nmwavocats.com\/wp-content\/uploads\/P_Reigne.vcf\">Contact<\/a><\/p>\n<p><strong>Main practice Areas<\/strong><br \/>\nCorporate, Capital Markets, Corporate Finance and Secured Financing, Dispute Resolution, Asset Management and Taxation<\/p>\n<p><strong>Languages<\/strong><br \/>\nEnglish French<\/p>\n<p><strong>Profil<\/strong><br \/>\nAfter seven years spent with Archibald law firm (member of Arthur Andersen network and then Ernst &amp; Young network), concomitantly with his teaching and research activities, Philippe acts as consultant in complex cases of transfers and acquisitions of companies, capital markets transactions and corporate finance.<br \/>\nHe is also a specialist in dispute resolution and is part of the French Association of Arbitration and the French Commission on Arbitration.<br \/>\nMember of the French National Commission of independent professions, Philippe facilitates the inter-professional approach of the firm with his in-depth knowledge of the related professions of public notory and accountant.<br \/>\nPhilippe Reign\u00e9 oversees the internal doctrine, the legal monitoring and the knowledge management of the firm.<\/p>\n<p><strong>Education<\/strong><\/p>\n<ul>\n<li>Paris II Panth\u00e9on-Assas University: Doctorat in Law (1993)<\/li>\n<li>CAPA (1989)<\/li>\n<li>DECF (1988)<\/li>\n<li>HEC (1986)<\/li>\n<\/ul>\n<p>&nbsp;<\/p>\n<h2>Articles by Op\u00e9rations Immobili\u00e8res: Justice entre r\u00e9ouverture et digitalisation | Sarah Lugan &#038; Philippe Reign\u00e9<\/h2><a class=\"single_avocat_publication\" href=\"https:\/\/nmw.law\/en\/2023\/les-modes-alternatifs-de-reglement-des-litiges\/\">Les modes alternatifs de r\u00e8glement des litiges<\/a><br\/><a class=\"single_avocat_publication\" href=\"https:\/\/nmw.law\/en\/2023\/lautonomie-de-larbitrage\/\">The autonomy of arbitration<\/a><br\/><a class=\"single_avocat_publication\" href=\"https:\/\/nmw.law\/en\/contributions\/operations-immobilieres-justice-entre-reouverture-et-digitalisation-sarah-lugan-philippe-reigne\/\">Op\u00e9rations Immobili\u00e8res: Justice entre r\u00e9ouverture et digitalisation | Sarah Lugan &#038; Philippe Reign\u00e9<\/a><br\/><a class=\"see_all\" href=\"https:\/\/nmw.law\/en\/liste-des-publications\/philippe-reigne\/\">See all<\/a>\n<\/div>\n<p>[\/vc_column_text][\/vc_column][vc_column width=&#8221;1\/3&#8243;][vc_wp_custommenu nav_menu=&#8221;37&#8243;][\/vc_column][\/vc_row]<\/p>\n<\/div>","protected":false},"excerpt":{"rendered":"<p><em>Justice entre r\u00e9ouverture et digitalisation<\/em><\/p>\n<p>Conform\u00e9ment aux consignes du gouvernement, les tribunaux judiciaires ont suspendu une partie importante de leurs activit\u00e9s pendant la p\u00e9riode de confinement, traitant prioritairement les contentieux civils et p\u00e9naux marqu\u00e9s du sceau de l&#8217;urgence, avec le risque que l&#8217;\u00e9coulement du temps finisse par rendre urgentes toutes les affaires pendantes devant les tribunaux.&hellip; <a href=\"https:\/\/nmw.law\/en\/contributions\/operations-immobilieres-justice-entre-reouverture-et-digitalisation-sarah-lugan-philippe-reigne\/\" class=\"read-more\">Read the rest <\/a><\/p>","protected":false},"author":2,"featured_media":3520,"parent":14,"menu_order":3,"comment_status":"closed","ping_status":"closed","template":"template-custom.php","meta":{"_acf_changed":false,"ngg_post_thumbnail":0,"footnotes":""},"class_list":["post-1345","page","type-page","status-publish","has-post-thumbnail","hentry"],"acf":[],"aioseo_notices":[],"yoast_head":"<!-- This site is optimized with the Yoast SEO plugin v26.4 - https:\/\/yoast.com\/wordpress\/plugins\/seo\/ -->\n<title>Philippe Reign\u00e9 - NMW Law<\/title>\n<meta name=\"robots\" content=\"index, follow, max-snippet:-1, max-image-preview:large, max-video-preview:-1\" \/>\n<link rel=\"canonical\" href=\"https:\/\/nmw.law\/le-cabinet\/notre-equipe\/philippe-reigne\/\" \/>\n<meta property=\"og:locale\" content=\"en_US\" \/>\n<meta property=\"og:type\" content=\"article\" \/>\n<meta property=\"og:title\" content=\"Philippe Reign\u00e9 - NMW Law\" \/>\n<meta property=\"og:description\" content=\"Justice entre r\u00e9ouverture et digitalisation Conform\u00e9ment aux consignes du gouvernement, les tribunaux judiciaires ont suspendu une partie importante de leurs activit\u00e9s pendant la p\u00e9riode de confinement, traitant prioritairement les contentieux civils et p\u00e9naux marqu\u00e9s du sceau de l&#8217;urgence, avec le risque que l&#8217;\u00e9coulement du temps finisse par rendre urgentes toutes les affaires pendantes devant les tribunaux.&hellip; Read the rest\" \/>\n<meta property=\"og:url\" content=\"https:\/\/nmw.law\/le-cabinet\/notre-equipe\/philippe-reigne\/\" \/>\n<meta property=\"og:site_name\" content=\"NMW Law\" \/>\n<meta property=\"article:modified_time\" content=\"2023-05-22T14:09:06+00:00\" \/>\n<meta property=\"og:image\" content=\"https:\/\/nmw.law\/wp-content\/uploads\/Philippe-R-NB-300.jpg\" \/>\n\t<meta property=\"og:image:width\" content=\"300\" \/>\n\t<meta property=\"og:image:height\" content=\"450\" \/>\n\t<meta property=\"og:image:type\" content=\"image\/jpeg\" \/>\n<meta name=\"twitter:card\" content=\"summary_large_image\" \/>\n<meta name=\"twitter:label1\" content=\"Est. reading time\" \/>\n\t<meta name=\"twitter:data1\" content=\"5 minutes\" \/>\n<script type=\"application\/ld+json\" class=\"yoast-schema-graph\">{\"@context\":\"https:\/\/schema.org\",\"@graph\":[{\"@type\":\"WebPage\",\"@id\":\"https:\/\/nmw.law\/le-cabinet\/notre-equipe\/philippe-reigne\/\",\"url\":\"https:\/\/nmw.law\/le-cabinet\/notre-equipe\/philippe-reigne\/\",\"name\":\"Philippe Reign\u00e9 - NMW Law\",\"isPartOf\":{\"@id\":\"https:\/\/nmw.law\/#website\"},\"primaryImageOfPage\":{\"@id\":\"https:\/\/nmw.law\/le-cabinet\/notre-equipe\/philippe-reigne\/#primaryimage\"},\"image\":{\"@id\":\"https:\/\/nmw.law\/le-cabinet\/notre-equipe\/philippe-reigne\/#primaryimage\"},\"thumbnailUrl\":\"https:\/\/nmw.law\/wp-content\/uploads\/Philippe-R-NB-300.jpg\",\"datePublished\":\"2011-07-27T23:18:35+00:00\",\"dateModified\":\"2023-05-22T14:09:06+00:00\",\"breadcrumb\":{\"@id\":\"https:\/\/nmw.law\/le-cabinet\/notre-equipe\/philippe-reigne\/#breadcrumb\"},\"inLanguage\":\"en-US\",\"potentialAction\":[{\"@type\":\"ReadAction\",\"target\":[\"https:\/\/nmw.law\/le-cabinet\/notre-equipe\/philippe-reigne\/\"]}]},{\"@type\":\"ImageObject\",\"inLanguage\":\"en-US\",\"@id\":\"https:\/\/nmw.law\/le-cabinet\/notre-equipe\/philippe-reigne\/#primaryimage\",\"url\":\"https:\/\/nmw.law\/wp-content\/uploads\/Philippe-R-NB-300.jpg\",\"contentUrl\":\"https:\/\/nmw.law\/wp-content\/uploads\/Philippe-R-NB-300.jpg\",\"width\":300,\"height\":450},{\"@type\":\"BreadcrumbList\",\"@id\":\"https:\/\/nmw.law\/le-cabinet\/notre-equipe\/philippe-reigne\/#breadcrumb\",\"itemListElement\":[{\"@type\":\"ListItem\",\"position\":1,\"name\":\"Accueil\",\"item\":\"https:\/\/nmw.law\/\"},{\"@type\":\"ListItem\",\"position\":2,\"name\":\"Le cabinet\",\"item\":\"https:\/\/nmw.law\/le-cabinet\/\"},{\"@type\":\"ListItem\",\"position\":3,\"name\":\"Notre \u00e9quipe\",\"item\":\"https:\/\/nmw.law\/le-cabinet\/notre-equipe\/\"},{\"@type\":\"ListItem\",\"position\":4,\"name\":\"Philippe Reign\u00e9\"}]},{\"@type\":\"WebSite\",\"@id\":\"https:\/\/nmw.law\/#website\",\"url\":\"https:\/\/nmw.law\/\",\"name\":\"NMW Law\",\"description\":\"\",\"potentialAction\":[{\"@type\":\"SearchAction\",\"target\":{\"@type\":\"EntryPoint\",\"urlTemplate\":\"https:\/\/nmw.law\/?s={search_term_string}\"},\"query-input\":{\"@type\":\"PropertyValueSpecification\",\"valueRequired\":true,\"valueName\":\"search_term_string\"}}],\"inLanguage\":\"en-US\"}]}<\/script>\n<!-- \/ Yoast SEO plugin. -->","yoast_head_json":{"title":"Philippe Reign\u00e9 - NMW Law","robots":{"index":"index","follow":"follow","max-snippet":"max-snippet:-1","max-image-preview":"max-image-preview:large","max-video-preview":"max-video-preview:-1"},"canonical":"https:\/\/nmw.law\/le-cabinet\/notre-equipe\/philippe-reigne\/","og_locale":"en_US","og_type":"article","og_title":"Philippe Reign\u00e9 - NMW Law","og_description":"Justice entre r\u00e9ouverture et digitalisation Conform\u00e9ment aux consignes du gouvernement, les tribunaux judiciaires ont suspendu une partie importante de leurs activit\u00e9s pendant la p\u00e9riode de confinement, traitant prioritairement les contentieux civils et p\u00e9naux marqu\u00e9s du sceau de l&#8217;urgence, avec le risque que l&#8217;\u00e9coulement du temps finisse par rendre urgentes toutes les affaires pendantes devant les tribunaux.&hellip; Read the rest","og_url":"https:\/\/nmw.law\/le-cabinet\/notre-equipe\/philippe-reigne\/","og_site_name":"NMW Law","article_modified_time":"2023-05-22T14:09:06+00:00","og_image":[{"width":300,"height":450,"url":"https:\/\/nmw.law\/wp-content\/uploads\/Philippe-R-NB-300.jpg","type":"image\/jpeg"}],"twitter_card":"summary_large_image","twitter_misc":{"Est. reading time":"5 minutes"},"schema":{"@context":"https:\/\/schema.org","@graph":[{"@type":"WebPage","@id":"https:\/\/nmw.law\/le-cabinet\/notre-equipe\/philippe-reigne\/","url":"https:\/\/nmw.law\/le-cabinet\/notre-equipe\/philippe-reigne\/","name":"Philippe Reign\u00e9 - NMW Law","isPartOf":{"@id":"https:\/\/nmw.law\/#website"},"primaryImageOfPage":{"@id":"https:\/\/nmw.law\/le-cabinet\/notre-equipe\/philippe-reigne\/#primaryimage"},"image":{"@id":"https:\/\/nmw.law\/le-cabinet\/notre-equipe\/philippe-reigne\/#primaryimage"},"thumbnailUrl":"https:\/\/nmw.law\/wp-content\/uploads\/Philippe-R-NB-300.jpg","datePublished":"2011-07-27T23:18:35+00:00","dateModified":"2023-05-22T14:09:06+00:00","breadcrumb":{"@id":"https:\/\/nmw.law\/le-cabinet\/notre-equipe\/philippe-reigne\/#breadcrumb"},"inLanguage":"en-US","potentialAction":[{"@type":"ReadAction","target":["https:\/\/nmw.law\/le-cabinet\/notre-equipe\/philippe-reigne\/"]}]},{"@type":"ImageObject","inLanguage":"en-US","@id":"https:\/\/nmw.law\/le-cabinet\/notre-equipe\/philippe-reigne\/#primaryimage","url":"https:\/\/nmw.law\/wp-content\/uploads\/Philippe-R-NB-300.jpg","contentUrl":"https:\/\/nmw.law\/wp-content\/uploads\/Philippe-R-NB-300.jpg","width":300,"height":450},{"@type":"BreadcrumbList","@id":"https:\/\/nmw.law\/le-cabinet\/notre-equipe\/philippe-reigne\/#breadcrumb","itemListElement":[{"@type":"ListItem","position":1,"name":"Accueil","item":"https:\/\/nmw.law\/"},{"@type":"ListItem","position":2,"name":"Le cabinet","item":"https:\/\/nmw.law\/le-cabinet\/"},{"@type":"ListItem","position":3,"name":"Notre \u00e9quipe","item":"https:\/\/nmw.law\/le-cabinet\/notre-equipe\/"},{"@type":"ListItem","position":4,"name":"Philippe Reign\u00e9"}]},{"@type":"WebSite","@id":"https:\/\/nmw.law\/#website","url":"https:\/\/nmw.law\/","name":"NMW Law","description":"","potentialAction":[{"@type":"SearchAction","target":{"@type":"EntryPoint","urlTemplate":"https:\/\/nmw.law\/?s={search_term_string}"},"query-input":{"@type":"PropertyValueSpecification","valueRequired":true,"valueName":"search_term_string"}}],"inLanguage":"en-US"}]}},"_links":{"self":[{"href":"https:\/\/nmw.law\/en\/wp-json\/wp\/v2\/pages\/1345","targetHints":{"allow":["GET"]}}],"collection":[{"href":"https:\/\/nmw.law\/en\/wp-json\/wp\/v2\/pages"}],"about":[{"href":"https:\/\/nmw.law\/en\/wp-json\/wp\/v2\/types\/page"}],"author":[{"embeddable":true,"href":"https:\/\/nmw.law\/en\/wp-json\/wp\/v2\/users\/2"}],"replies":[{"embeddable":true,"href":"https:\/\/nmw.law\/en\/wp-json\/wp\/v2\/comments?post=1345"}],"version-history":[{"count":0,"href":"https:\/\/nmw.law\/en\/wp-json\/wp\/v2\/pages\/1345\/revisions"}],"up":[{"embeddable":true,"href":"https:\/\/nmw.law\/en\/wp-json\/wp\/v2\/pages\/14"}],"wp:featuredmedia":[{"embeddable":true,"href":"https:\/\/nmw.law\/en\/wp-json\/wp\/v2\/media\/3520"}],"wp:attachment":[{"href":"https:\/\/nmw.law\/en\/wp-json\/wp\/v2\/media?parent=1345"}],"curies":[{"name":"wp","href":"https:\/\/api.w.org\/{rel}","templated":true}]}}