{"id":1301,"date":"2011-07-19T14:05:33","date_gmt":"2011-07-19T13:05:33","guid":{"rendered":"http:\/\/nmwavocats.com\/?page_id=1301"},"modified":"2026-03-17T14:51:45","modified_gmt":"2026-03-17T13:51:45","slug":"sarah-lugan","status":"publish","type":"page","link":"https:\/\/nmw.law\/en\/le-cabinet\/notre-equipe\/sarah-lugan\/","title":{"rendered":"Sarah Lugan"},"content":{"rendered":"<div class=\"wpb-content-wrapper\"><p>[vc_row full_width=&#8221;stretch_row&#8221; bg_type=&#8221;image&#8221; parallax_style=&#8221;vcpb-vz-jquery&#8221; bg_image_new=&#8221;id^3703|url^http:\/\/www.nmwdelormeau.com\/wp-content\/uploads\/AdobeStock_91189095.jpeg|caption^null|alt^null|title^AdobeStock_91189095|description^null&#8221; bg_image_repeat=&#8221;no-repeat&#8221; bg_img_attach=&#8221;fixed&#8221; el_class=&#8221;header_page_interieure&#8221;][vc_column]<div id=\"ultimate-heading-745069de3493b7d19\" class=\"uvc-heading ult-adjust-bottom-margin ultimate-heading-745069de3493b7d19 uvc-7509 \" data-hspacer=\"no_spacer\"  data-halign=\"left\" style=\"text-align:left\"><div class=\"uvc-heading-spacer no_spacer\" style=\"top\"><\/div><div class=\"uvc-main-heading ult-responsive\"  data-ultimate-target='.uvc-heading.ultimate-heading-745069de3493b7d19 p'  data-responsive-json-new='{\"font-size\":\"\",\"line-height\":\"\"}' ><p style=\"font-weight:normal;\">NMW<\/p><\/div><\/div><div id=\"ultimate-heading-277069de3493b7d38\" class=\"uvc-heading ult-adjust-bottom-margin ultimate-heading-277069de3493b7d38 uvc-8747 \" data-hspacer=\"no_spacer\"  data-halign=\"left\" style=\"text-align:left\"><div class=\"uvc-heading-spacer no_spacer\" style=\"top\"><\/div><div class=\"uvc-main-heading ult-responsive\"  data-ultimate-target='.uvc-heading.ultimate-heading-277069de3493b7d38 h1'  data-responsive-json-new='{\"font-size\":\"\",\"line-height\":\"\"}' ><h1 style=\"font-weight:normal;\">Sarah Lugan<\/h1><\/div><\/div>[\/vc_column][\/vc_row][vc_row][vc_column width=&#8221;2\/3&#8243;][vc_column_text css=&#8221;&#8221;]<\/p>\n<div class=\"col-sm-3\"><img loading=\"lazy\" decoding=\"async\" class=\"alignnone wp-image-3600 size-medium\" src=\"\/wp-content\/uploads\/sarah-lugan2-267x400.jpg\" width=\"267\" height=\"400\" srcset=\"https:\/\/nmw.law\/wp-content\/uploads\/sarah-lugan2-267x400.jpg 267w, https:\/\/nmw.law\/wp-content\/uploads\/sarah-lugan2-200x300.jpg 200w, https:\/\/nmw.law\/wp-content\/uploads\/sarah-lugan2.jpg 300w\" sizes=\"auto, (max-width: 267px) 100vw, 267px\" \/><\/div>\n<div class=\"col-sm-9\">\n<p style=\"text-align: justify;\"><a href=\"mailto:slugan@nmw.law\">slugan@nmw.law<\/a><\/p>\n<p style=\"text-align: justify;\">+33 (0) 6 16 45 15 32 \/ +33 (0) 1 83 62 54 54<br \/>\n<a href=\"http:\/\/nmwavocats.com\/wp-content\/uploads\/S_Lugan.vcf\">Vcard<\/a><\/p>\n<p><strong>Main practice Areas<\/strong><\/p>\n<p>Real estate law, energy\/environment law, financing law, art law.<\/p>\n<p><strong>Languages<\/strong><br \/>\nEnglish French<\/p>\n<p>&nbsp;<\/p>\n<p><strong>Profile<\/strong><\/p>\n<p>Sarah Lugan assists groups and family groups in the management of their assets (companies, real estate portfolio and art collection). Sarah assists the client in the negotiation and drafting of all contracts. She works in both advisory and litigation.<\/p>\n<p>She has international experience in investments, real estate energy\/environment law financing and refinancing, leaseback transactions, real estate outsourcing and commercial leases. Sarah also has expertise in urban development policy and various aspects of environmental law such as urban planning, construction and commercial leases.<\/p>\n<p>Her expertise covers the entire lifecycle of a real estate asset (hotel, castle, office building, retail park, factory, etc..).<\/p>\n<p>Sarah assists and advises clients on the full range of legal issues that arise concerning works of art, the art market and the art world. Sarah provides assistance in the areas of negotiation, litigation and counselling in the context of art-related operations.<\/p>\n<p>Sarah Lugan teaches financing law within the Master 2 Business real estate at University Pairs I Panth\u00e9on Sorbonne.<\/p>\n<p style=\"text-align: justify;\"><strong>Education<\/strong><\/p>\n<ul style=\"text-align: justify;\">\n<li>Post-graduate Law Degree in Business Real Estate, Paris I Pantheon Sorbonne University, Paris<\/li>\n<li>Post-graduate Law Degree in Notarial Studies, Paris I Pantheon Sorbonne University, Paris<\/li>\n<li>Business Law Degree<\/li>\n<\/ul>\n<p style=\"text-align: justify;\"><strong>Membership of Professional Associations<\/strong><\/p>\n<ul>\n<li style=\"text-align: justify;\">International Bar Association<\/li>\n<li style=\"text-align: justify;\">Sorbonne Immo<\/li>\n<li style=\"text-align: justify;\">RICS<\/li>\n<li style=\"text-align: justify;\">European American Chamber of Commerce<\/li>\n<\/ul>\n<h2>Articles by Op\u00e9rations Immobili\u00e8res: Justice entre r\u00e9ouverture et digitalisation | Sarah Lugan &#038; Philippe Reign\u00e9<\/h2><a class=\"single_avocat_publication\" href=\"https:\/\/nmw.law\/en\/contributions\/4408\/\">Les arbres : une composante de la valorisation du patrimoine immobilier, \u00e0 prot\u00e9ger.<\/a><br\/><a class=\"single_avocat_publication\" href=\"https:\/\/nmw.law\/en\/2023\/les-modes-alternatifs-de-reglement-des-litiges\/\">Les modes alternatifs de r\u00e8glement des litiges<\/a><br\/><a class=\"single_avocat_publication\" href=\"https:\/\/nmw.law\/en\/contributions\/operations-immobilieres-justice-entre-reouverture-et-digitalisation-sarah-lugan-philippe-reigne\/\">Op\u00e9rations Immobili\u00e8res: Justice entre r\u00e9ouverture et digitalisation | Sarah Lugan &#038; Philippe Reign\u00e9<\/a><br\/><a class=\"see_all\" href=\"https:\/\/nmw.law\/en\/liste-des-publications\/sarah-lugan\/\">See all<\/a>\n<\/div>\n<p>[\/vc_column_text][\/vc_column][vc_column width=&#8221;1\/3&#8243;][vc_wp_custommenu nav_menu=&#8221;37&#8243;][\/vc_column][\/vc_row]<\/p>\n<\/div>","protected":false},"excerpt":{"rendered":"<p><em>Justice entre r\u00e9ouverture et digitalisation<\/em><\/p>\n<p>Conform\u00e9ment aux consignes du gouvernement, les tribunaux judiciaires ont suspendu une partie importante de leurs activit\u00e9s pendant la p\u00e9riode de confinement, traitant prioritairement les contentieux civils et p\u00e9naux marqu\u00e9s du sceau de l&#8217;urgence, avec le risque que l&#8217;\u00e9coulement du temps finisse par rendre urgentes toutes les affaires pendantes devant les tribunaux.&hellip; <a href=\"https:\/\/nmw.law\/en\/contributions\/operations-immobilieres-justice-entre-reouverture-et-digitalisation-sarah-lugan-philippe-reigne\/\" class=\"read-more\">Read the rest <\/a><\/p>","protected":false},"author":2,"featured_media":3600,"parent":14,"menu_order":2,"comment_status":"closed","ping_status":"closed","template":"template-custom.php","meta":{"_acf_changed":false,"ngg_post_thumbnail":0,"footnotes":""},"class_list":["post-1301","page","type-page","status-publish","has-post-thumbnail","hentry"],"acf":[],"aioseo_notices":[],"yoast_head":"<!-- This site is optimized with the Yoast SEO plugin v26.4 - https:\/\/yoast.com\/wordpress\/plugins\/seo\/ -->\n<title>Sarah Lugan - NMW Law<\/title>\n<meta name=\"robots\" content=\"index, follow, max-snippet:-1, max-image-preview:large, max-video-preview:-1\" \/>\n<link rel=\"canonical\" href=\"https:\/\/nmw.law\/le-cabinet\/notre-equipe\/sarah-lugan\/\" \/>\n<meta property=\"og:locale\" content=\"en_US\" \/>\n<meta property=\"og:type\" content=\"article\" \/>\n<meta property=\"og:title\" content=\"Sarah Lugan - NMW Law\" \/>\n<meta property=\"og:description\" content=\"Justice entre r\u00e9ouverture et digitalisation Conform\u00e9ment aux consignes du gouvernement, les tribunaux judiciaires ont suspendu une partie importante de leurs activit\u00e9s pendant la p\u00e9riode de confinement, traitant prioritairement les contentieux civils et p\u00e9naux marqu\u00e9s du sceau de l&#8217;urgence, avec le risque que l&#8217;\u00e9coulement du temps finisse par rendre urgentes toutes les affaires pendantes devant les tribunaux.&hellip; Read the rest\" \/>\n<meta property=\"og:url\" content=\"https:\/\/nmw.law\/le-cabinet\/notre-equipe\/sarah-lugan\/\" \/>\n<meta property=\"og:site_name\" content=\"NMW Law\" \/>\n<meta property=\"article:modified_time\" content=\"2026-03-17T13:51:45+00:00\" \/>\n<meta property=\"og:image\" content=\"https:\/\/nmw.law\/wp-content\/uploads\/sarah-lugan2.jpg\" \/>\n\t<meta property=\"og:image:width\" content=\"300\" \/>\n\t<meta property=\"og:image:height\" content=\"450\" \/>\n\t<meta property=\"og:image:type\" content=\"image\/jpeg\" \/>\n<meta name=\"twitter:card\" content=\"summary_large_image\" \/>\n<meta name=\"twitter:label1\" content=\"Est. reading time\" \/>\n\t<meta name=\"twitter:data1\" content=\"2 minutes\" \/>\n<script type=\"application\/ld+json\" class=\"yoast-schema-graph\">{\"@context\":\"https:\/\/schema.org\",\"@graph\":[{\"@type\":\"WebPage\",\"@id\":\"https:\/\/nmw.law\/le-cabinet\/notre-equipe\/sarah-lugan\/\",\"url\":\"https:\/\/nmw.law\/le-cabinet\/notre-equipe\/sarah-lugan\/\",\"name\":\"Sarah Lugan - NMW Law\",\"isPartOf\":{\"@id\":\"https:\/\/nmw.law\/#website\"},\"primaryImageOfPage\":{\"@id\":\"https:\/\/nmw.law\/le-cabinet\/notre-equipe\/sarah-lugan\/#primaryimage\"},\"image\":{\"@id\":\"https:\/\/nmw.law\/le-cabinet\/notre-equipe\/sarah-lugan\/#primaryimage\"},\"thumbnailUrl\":\"https:\/\/nmw.law\/wp-content\/uploads\/sarah-lugan2.jpg\",\"datePublished\":\"2011-07-19T13:05:33+00:00\",\"dateModified\":\"2026-03-17T13:51:45+00:00\",\"breadcrumb\":{\"@id\":\"https:\/\/nmw.law\/le-cabinet\/notre-equipe\/sarah-lugan\/#breadcrumb\"},\"inLanguage\":\"en-US\",\"potentialAction\":[{\"@type\":\"ReadAction\",\"target\":[\"https:\/\/nmw.law\/le-cabinet\/notre-equipe\/sarah-lugan\/\"]}]},{\"@type\":\"ImageObject\",\"inLanguage\":\"en-US\",\"@id\":\"https:\/\/nmw.law\/le-cabinet\/notre-equipe\/sarah-lugan\/#primaryimage\",\"url\":\"https:\/\/nmw.law\/wp-content\/uploads\/sarah-lugan2.jpg\",\"contentUrl\":\"https:\/\/nmw.law\/wp-content\/uploads\/sarah-lugan2.jpg\",\"width\":300,\"height\":450},{\"@type\":\"BreadcrumbList\",\"@id\":\"https:\/\/nmw.law\/le-cabinet\/notre-equipe\/sarah-lugan\/#breadcrumb\",\"itemListElement\":[{\"@type\":\"ListItem\",\"position\":1,\"name\":\"Accueil\",\"item\":\"https:\/\/nmw.law\/\"},{\"@type\":\"ListItem\",\"position\":2,\"name\":\"Le cabinet\",\"item\":\"https:\/\/nmw.law\/le-cabinet\/\"},{\"@type\":\"ListItem\",\"position\":3,\"name\":\"Notre \u00e9quipe\",\"item\":\"https:\/\/nmw.law\/le-cabinet\/notre-equipe\/\"},{\"@type\":\"ListItem\",\"position\":4,\"name\":\"Sarah Lugan\"}]},{\"@type\":\"WebSite\",\"@id\":\"https:\/\/nmw.law\/#website\",\"url\":\"https:\/\/nmw.law\/\",\"name\":\"NMW Law\",\"description\":\"\",\"potentialAction\":[{\"@type\":\"SearchAction\",\"target\":{\"@type\":\"EntryPoint\",\"urlTemplate\":\"https:\/\/nmw.law\/?s={search_term_string}\"},\"query-input\":{\"@type\":\"PropertyValueSpecification\",\"valueRequired\":true,\"valueName\":\"search_term_string\"}}],\"inLanguage\":\"en-US\"}]}<\/script>\n<!-- \/ Yoast SEO plugin. -->","yoast_head_json":{"title":"Sarah Lugan - NMW Law","robots":{"index":"index","follow":"follow","max-snippet":"max-snippet:-1","max-image-preview":"max-image-preview:large","max-video-preview":"max-video-preview:-1"},"canonical":"https:\/\/nmw.law\/le-cabinet\/notre-equipe\/sarah-lugan\/","og_locale":"en_US","og_type":"article","og_title":"Sarah Lugan - NMW Law","og_description":"Justice entre r\u00e9ouverture et digitalisation Conform\u00e9ment aux consignes du gouvernement, les tribunaux judiciaires ont suspendu une partie importante de leurs activit\u00e9s pendant la p\u00e9riode de confinement, traitant prioritairement les contentieux civils et p\u00e9naux marqu\u00e9s du sceau de l&#8217;urgence, avec le risque que l&#8217;\u00e9coulement du temps finisse par rendre urgentes toutes les affaires pendantes devant les tribunaux.&hellip; Read the rest","og_url":"https:\/\/nmw.law\/le-cabinet\/notre-equipe\/sarah-lugan\/","og_site_name":"NMW Law","article_modified_time":"2026-03-17T13:51:45+00:00","og_image":[{"width":300,"height":450,"url":"https:\/\/nmw.law\/wp-content\/uploads\/sarah-lugan2.jpg","type":"image\/jpeg"}],"twitter_card":"summary_large_image","twitter_misc":{"Est. reading time":"2 minutes"},"schema":{"@context":"https:\/\/schema.org","@graph":[{"@type":"WebPage","@id":"https:\/\/nmw.law\/le-cabinet\/notre-equipe\/sarah-lugan\/","url":"https:\/\/nmw.law\/le-cabinet\/notre-equipe\/sarah-lugan\/","name":"Sarah Lugan - NMW Law","isPartOf":{"@id":"https:\/\/nmw.law\/#website"},"primaryImageOfPage":{"@id":"https:\/\/nmw.law\/le-cabinet\/notre-equipe\/sarah-lugan\/#primaryimage"},"image":{"@id":"https:\/\/nmw.law\/le-cabinet\/notre-equipe\/sarah-lugan\/#primaryimage"},"thumbnailUrl":"https:\/\/nmw.law\/wp-content\/uploads\/sarah-lugan2.jpg","datePublished":"2011-07-19T13:05:33+00:00","dateModified":"2026-03-17T13:51:45+00:00","breadcrumb":{"@id":"https:\/\/nmw.law\/le-cabinet\/notre-equipe\/sarah-lugan\/#breadcrumb"},"inLanguage":"en-US","potentialAction":[{"@type":"ReadAction","target":["https:\/\/nmw.law\/le-cabinet\/notre-equipe\/sarah-lugan\/"]}]},{"@type":"ImageObject","inLanguage":"en-US","@id":"https:\/\/nmw.law\/le-cabinet\/notre-equipe\/sarah-lugan\/#primaryimage","url":"https:\/\/nmw.law\/wp-content\/uploads\/sarah-lugan2.jpg","contentUrl":"https:\/\/nmw.law\/wp-content\/uploads\/sarah-lugan2.jpg","width":300,"height":450},{"@type":"BreadcrumbList","@id":"https:\/\/nmw.law\/le-cabinet\/notre-equipe\/sarah-lugan\/#breadcrumb","itemListElement":[{"@type":"ListItem","position":1,"name":"Accueil","item":"https:\/\/nmw.law\/"},{"@type":"ListItem","position":2,"name":"Le cabinet","item":"https:\/\/nmw.law\/le-cabinet\/"},{"@type":"ListItem","position":3,"name":"Notre \u00e9quipe","item":"https:\/\/nmw.law\/le-cabinet\/notre-equipe\/"},{"@type":"ListItem","position":4,"name":"Sarah Lugan"}]},{"@type":"WebSite","@id":"https:\/\/nmw.law\/#website","url":"https:\/\/nmw.law\/","name":"NMW Law","description":"","potentialAction":[{"@type":"SearchAction","target":{"@type":"EntryPoint","urlTemplate":"https:\/\/nmw.law\/?s={search_term_string}"},"query-input":{"@type":"PropertyValueSpecification","valueRequired":true,"valueName":"search_term_string"}}],"inLanguage":"en-US"}]}},"_links":{"self":[{"href":"https:\/\/nmw.law\/en\/wp-json\/wp\/v2\/pages\/1301","targetHints":{"allow":["GET"]}}],"collection":[{"href":"https:\/\/nmw.law\/en\/wp-json\/wp\/v2\/pages"}],"about":[{"href":"https:\/\/nmw.law\/en\/wp-json\/wp\/v2\/types\/page"}],"author":[{"embeddable":true,"href":"https:\/\/nmw.law\/en\/wp-json\/wp\/v2\/users\/2"}],"replies":[{"embeddable":true,"href":"https:\/\/nmw.law\/en\/wp-json\/wp\/v2\/comments?post=1301"}],"version-history":[{"count":0,"href":"https:\/\/nmw.law\/en\/wp-json\/wp\/v2\/pages\/1301\/revisions"}],"up":[{"embeddable":true,"href":"https:\/\/nmw.law\/en\/wp-json\/wp\/v2\/pages\/14"}],"wp:featuredmedia":[{"embeddable":true,"href":"https:\/\/nmw.law\/en\/wp-json\/wp\/v2\/media\/3600"}],"wp:attachment":[{"href":"https:\/\/nmw.law\/en\/wp-json\/wp\/v2\/media?parent=1301"}],"curies":[{"name":"wp","href":"https:\/\/api.w.org\/{rel}","templated":true}]}}