{"id":1294,"date":"2011-06-28T16:44:59","date_gmt":"2011-06-28T15:44:59","guid":{"rendered":"http:\/\/nmwavocats.com\/?page_id=1294"},"modified":"2026-03-10T15:04:58","modified_gmt":"2026-03-10T14:04:58","slug":"jean-christophe-bouchard","status":"publish","type":"page","link":"https:\/\/nmw.law\/en\/le-cabinet\/notre-equipe\/jean-christophe-bouchard\/","title":{"rendered":"Jean-Christophe Bouchard"},"content":{"rendered":"<div class=\"wpb-content-wrapper\"><p>[vc_row full_width=&#8221;stretch_row&#8221; bg_type=&#8221;image&#8221; parallax_style=&#8221;vcpb-vz-jquery&#8221; bg_image_new=&#8221;id^3703|url^http:\/\/www.nmwdelormeau.com\/wp-content\/uploads\/AdobeStock_91189095.jpeg|caption^null|alt^null|title^AdobeStock_91189095|description^null&#8221; bg_image_repeat=&#8221;no-repeat&#8221; bg_img_attach=&#8221;fixed&#8221; el_class=&#8221;header_page_interieure&#8221;][vc_column]<div id=\"ultimate-heading-715469df1a8c8aa54\" class=\"uvc-heading ult-adjust-bottom-margin ultimate-heading-715469df1a8c8aa54 uvc-1826 \" data-hspacer=\"no_spacer\"  data-halign=\"left\" style=\"text-align:left\"><div class=\"uvc-heading-spacer no_spacer\" style=\"top\"><\/div><div class=\"uvc-main-heading ult-responsive\"  data-ultimate-target='.uvc-heading.ultimate-heading-715469df1a8c8aa54 p'  data-responsive-json-new='{\"font-size\":\"\",\"line-height\":\"\"}' ><p style=\"font-weight:normal;\">NMW <\/p><\/div><\/div><div id=\"ultimate-heading-515169df1a8c8aa73\" class=\"uvc-heading ult-adjust-bottom-margin ultimate-heading-515169df1a8c8aa73 uvc-1027 \" data-hspacer=\"no_spacer\"  data-halign=\"left\" style=\"text-align:left\"><div class=\"uvc-heading-spacer no_spacer\" style=\"top\"><\/div><div class=\"uvc-main-heading ult-responsive\"  data-ultimate-target='.uvc-heading.ultimate-heading-515169df1a8c8aa73 h1'  data-responsive-json-new='{\"font-size\":\"\",\"line-height\":\"\"}' ><h1 style=\"font-weight:normal;\">Jean-Christophe Bouchard<\/h1><\/div><\/div>[\/vc_column][\/vc_row][vc_row][vc_column width=&#8221;2\/3&#8243;][vc_column_text]<\/p>\n<div class=\"col-sm-3\"><img loading=\"lazy\" decoding=\"async\" class=\"alignnone wp-image-4342 size-medium\" src=\"https:\/\/nmw.law\/wp-content\/uploads\/BOUCHARD-JC_photo-267x400.jpg\" alt=\"\" width=\"267\" height=\"400\" srcset=\"https:\/\/nmw.law\/wp-content\/uploads\/BOUCHARD-JC_photo-267x400.jpg 267w, https:\/\/nmw.law\/wp-content\/uploads\/BOUCHARD-JC_photo-200x300.jpg 200w, https:\/\/nmw.law\/wp-content\/uploads\/BOUCHARD-JC_photo.jpg 300w\" sizes=\"auto, (max-width: 267px) 100vw, 267px\" \/><\/div>\n<div class=\"col-sm-9\">\n<p><strong>Avocat \u00e0 la Cour, MRICS, Dipl\u00f4m\u00e9 d\u2019expertise comptable, Charg\u00e9 de cours \u00e0 la Sorbonne Paris I<\/strong><\/p>\n<p style=\"text-align: left;\"><a href=\"mailto:jcbouchard@nmw.law\">jcbouchard@nmw.law<\/a><\/p>\n<p style=\"text-align: left;\">+33 (0) 6 88 68 18 40<br \/>\n<a href=\"http:\/\/nmwavocats.com\/wp-content\/uploads\/JC_Bouchard.vcf\">Coordonn\u00e9es<\/a><\/p>\n<p><strong>Domaines d\u2019intervention<\/strong><\/p>\n<p>Affaires sensibles et gestion de crise<\/p>\n<p>Investissement et contraintes concurrentielles<\/p>\n<p>Immobilier<\/p>\n<p>Fiscalit\u00e9<\/p>\n<p><strong>Langues<\/strong><br \/>\nAnglais et Fran\u00e7ais<\/p>\n<p><strong>Pr\u00e9sentation<\/strong><\/p>\n<p>Jean-Christophe Bouchard met en place des solutions complexes et transverses, qui mettent le droit au service de la strat\u00e9gie des clients du cabinet, dans les domaines suivants\u00a0:<\/p>\n<p>&#8211; Gestion et anticipation des contraintes concurrentielles dans les plans de d\u00e9veloppement et d\u2019investissement<\/p>\n<p>&#8211; Immobilier (structuration de fonci\u00e8re, lev\u00e9e de fonds, contraintes r\u00e9glementaires)<\/p>\n<p>&#8211; Affaires sensibles et gestion de crise<\/p>\n<p>Ses conseils s\u2019appuient sur les comp\u00e9tences des \u00e9quipes du cabinet en mati\u00e8re de droit des soci\u00e9t\u00e9s, de droit de la concurrence, de fiscalit\u00e9, de droit immobilier, ainsi que de droit du financement.<\/p>\n<p>Ces \u00e9quipes sont compos\u00e9es d\u2019avocats tr\u00e8s exp\u00e9riment\u00e9s, ayant \u00e9galement une exp\u00e9rience en entreprise, avec le support de Professeurs des Universit\u00e9s, qui apportent des solutions sur mesure, soucieuse \u00e0 la fois de cr\u00e9ativit\u00e9 et d\u2019anticipation des risques.<\/p>\n<p>La client\u00e8le est compos\u00e9e de groupes de soci\u00e9t\u00e9s ainsi que de HNWI.<\/p>\n<p>Apr\u00e8s avoir \u00e9t\u00e9 auditeur financier (KPMG Audit),\u00a0Jean-Christophe Bouchard a \u00e9t\u00e9 avocat des cabinets Gide Loyrette Nouel et Arthur Andersen (associ\u00e9 en 2001).<\/p>\n<p>Membre de la RICS, de l\u2019EACC et de l\u2019IBA.<\/p>\n<p>Jean-Christophe Bouchard est dipl\u00f4m\u00e9 d\u2019expertise comptable, de Neoma, et des Universit\u00e9s Paris IX Dauphine et Paris II Assas.<\/p>\n<p><strong>Formation<\/strong><\/p>\n<ul>\n<li>Sup. de Co. Rouen<\/li>\n<li>Universit\u00e9 de Paris Dauphine ; D.E.S.S. de fiscalit\u00e9 des entreprises<\/li>\n<li>Universit\u00e9 de Paris Assas ; D.E.A. droit des affaires<\/li>\n<\/ul>\n<p><strong>Appartenance \u00e0 des associations professionnelles<\/strong><\/p>\n<ul>\n<li>Barreau de paris<\/li>\n<li>International Bar Association<\/li>\n<li>American Bar Association<\/li>\n<\/ul>\n<p>&nbsp;<\/p>\n<h2>Articles by Droit commercial: Express Form Mergers between Affiliates under French Law | Jean-Christophe Bouchard &#038; Philippe Gianviti<\/h2><a class=\"single_avocat_publication\" href=\"https:\/\/nmw.law\/en\/2023\/reinvestment-with-real-estate-component-pay-attention-to-the-grey-areas-of-tax-deferral\/\">Reinvestment with real estate component &#8211; Pay attention to the grey areas of tax deferral<\/a><br\/><a class=\"single_avocat_publication\" href=\"https:\/\/nmw.law\/en\/2023\/lautonomie-de-larbitrage\/\">The autonomy of arbitration<\/a><br\/><a class=\"single_avocat_publication\" href=\"https:\/\/nmw.law\/en\/contributions\/droit-commercial-express-form-mergers-between-affiliates-under-french-law-jean-christophe-bouchard-philippe-gianviti\/\">Droit commercial: Express Form Mergers between Affiliates under French Law | Jean-Christophe Bouchard &#038; Philippe Gianviti<\/a><br\/><a class=\"see_all\" href=\"https:\/\/nmw.law\/en\/liste-des-publications\/jean-christophe-bouchard\/\">See all<\/a>\n<\/div>\n<p><span style=\"text-indent: 20px; width: auto; padding: 0px 4px 0px 0px; text-align: center; font: bold 11px\/20px 'Helvetica Neue',Helvetica,sans-serif; color: #ffffff; background: #bd081c no-repeat scroll 3px 50% \/ 14px 14px; cursor: pointer;\">Enregistrer<\/span><\/p>\n<p><span style=\"text-indent: 20px; width: auto; padding: 0px 4px 0px 0px; text-align: center; font: bold 11px\/20px 'Helvetica Neue',Helvetica,sans-serif; color: #ffffff; background: #bd081c no-repeat scroll 3px 50% \/ 14px 14px; cursor: pointer;\">Enregistrer<\/span>[\/vc_column_text][\/vc_column][vc_column width=&#8221;1\/3&#8243;][vc_wp_custommenu nav_menu=&#8221;37&#8243;][\/vc_column][\/vc_row]<\/p>\n<\/div>","protected":false},"excerpt":{"rendered":"<p><a href=\"https:\/\/nmw.law\/wp-content\/uploads\/Droit-commercial-Express-Form-Mergers-Between-Affiliates-under-French-Law.pdf\">Droit commercial- Express Form Mergers Between Affiliates under French Law | Jean-Christophe Bouchard &amp; Philippe Gianviti<\/a>&hellip; <a href=\"https:\/\/nmw.law\/en\/contributions\/droit-commercial-express-form-mergers-between-affiliates-under-french-law-jean-christophe-bouchard-philippe-gianviti\/\" class=\"read-more\">Read the rest <\/a><\/p>","protected":false},"author":2,"featured_media":4342,"parent":14,"menu_order":0,"comment_status":"closed","ping_status":"closed","template":"template-custom.php","meta":{"_acf_changed":false,"ngg_post_thumbnail":0,"footnotes":""},"class_list":["post-1294","page","type-page","status-publish","has-post-thumbnail","hentry"],"acf":[],"aioseo_notices":[],"yoast_head":"<!-- This site is optimized with the Yoast SEO plugin v26.4 - https:\/\/yoast.com\/wordpress\/plugins\/seo\/ -->\n<title>Jean-Christophe Bouchard - NMW Law<\/title>\n<meta name=\"robots\" content=\"index, follow, max-snippet:-1, max-image-preview:large, max-video-preview:-1\" \/>\n<link rel=\"canonical\" href=\"https:\/\/nmw.law\/le-cabinet\/notre-equipe\/jean-christophe-bouchard\/\" \/>\n<meta property=\"og:locale\" content=\"en_US\" \/>\n<meta property=\"og:type\" content=\"article\" \/>\n<meta property=\"og:title\" content=\"Jean-Christophe Bouchard - NMW Law\" \/>\n<meta property=\"og:description\" content=\"Droit commercial- Express Form Mergers Between Affiliates under French Law | Jean-Christophe Bouchard &amp; Philippe Gianviti&hellip; Read the rest\" \/>\n<meta property=\"og:url\" content=\"https:\/\/nmw.law\/le-cabinet\/notre-equipe\/jean-christophe-bouchard\/\" \/>\n<meta property=\"og:site_name\" content=\"NMW Law\" \/>\n<meta property=\"article:modified_time\" content=\"2026-03-10T14:04:58+00:00\" \/>\n<meta property=\"og:image\" content=\"https:\/\/nmw.law\/wp-content\/uploads\/BOUCHARD-JC_photo.jpg\" \/>\n\t<meta property=\"og:image:width\" content=\"300\" \/>\n\t<meta property=\"og:image:height\" content=\"449\" \/>\n\t<meta property=\"og:image:type\" content=\"image\/jpeg\" \/>\n<meta name=\"twitter:card\" content=\"summary_large_image\" \/>\n<meta name=\"twitter:label1\" content=\"Est. reading time\" \/>\n\t<meta name=\"twitter:data1\" content=\"2 minutes\" \/>\n<script type=\"application\/ld+json\" class=\"yoast-schema-graph\">{\"@context\":\"https:\/\/schema.org\",\"@graph\":[{\"@type\":\"WebPage\",\"@id\":\"https:\/\/nmw.law\/le-cabinet\/notre-equipe\/jean-christophe-bouchard\/\",\"url\":\"https:\/\/nmw.law\/le-cabinet\/notre-equipe\/jean-christophe-bouchard\/\",\"name\":\"Jean-Christophe Bouchard - NMW Law\",\"isPartOf\":{\"@id\":\"https:\/\/nmw.law\/#website\"},\"primaryImageOfPage\":{\"@id\":\"https:\/\/nmw.law\/le-cabinet\/notre-equipe\/jean-christophe-bouchard\/#primaryimage\"},\"image\":{\"@id\":\"https:\/\/nmw.law\/le-cabinet\/notre-equipe\/jean-christophe-bouchard\/#primaryimage\"},\"thumbnailUrl\":\"https:\/\/nmw.law\/wp-content\/uploads\/BOUCHARD-JC_photo.jpg\",\"datePublished\":\"2011-06-28T15:44:59+00:00\",\"dateModified\":\"2026-03-10T14:04:58+00:00\",\"breadcrumb\":{\"@id\":\"https:\/\/nmw.law\/le-cabinet\/notre-equipe\/jean-christophe-bouchard\/#breadcrumb\"},\"inLanguage\":\"en-US\",\"potentialAction\":[{\"@type\":\"ReadAction\",\"target\":[\"https:\/\/nmw.law\/le-cabinet\/notre-equipe\/jean-christophe-bouchard\/\"]}]},{\"@type\":\"ImageObject\",\"inLanguage\":\"en-US\",\"@id\":\"https:\/\/nmw.law\/le-cabinet\/notre-equipe\/jean-christophe-bouchard\/#primaryimage\",\"url\":\"https:\/\/nmw.law\/wp-content\/uploads\/BOUCHARD-JC_photo.jpg\",\"contentUrl\":\"https:\/\/nmw.law\/wp-content\/uploads\/BOUCHARD-JC_photo.jpg\",\"width\":300,\"height\":449},{\"@type\":\"BreadcrumbList\",\"@id\":\"https:\/\/nmw.law\/le-cabinet\/notre-equipe\/jean-christophe-bouchard\/#breadcrumb\",\"itemListElement\":[{\"@type\":\"ListItem\",\"position\":1,\"name\":\"Accueil\",\"item\":\"https:\/\/nmw.law\/\"},{\"@type\":\"ListItem\",\"position\":2,\"name\":\"Le cabinet\",\"item\":\"https:\/\/nmw.law\/le-cabinet\/\"},{\"@type\":\"ListItem\",\"position\":3,\"name\":\"Notre \u00e9quipe\",\"item\":\"https:\/\/nmw.law\/le-cabinet\/notre-equipe\/\"},{\"@type\":\"ListItem\",\"position\":4,\"name\":\"Jean-Christophe Bouchard\"}]},{\"@type\":\"WebSite\",\"@id\":\"https:\/\/nmw.law\/#website\",\"url\":\"https:\/\/nmw.law\/\",\"name\":\"NMW Law\",\"description\":\"\",\"potentialAction\":[{\"@type\":\"SearchAction\",\"target\":{\"@type\":\"EntryPoint\",\"urlTemplate\":\"https:\/\/nmw.law\/?s={search_term_string}\"},\"query-input\":{\"@type\":\"PropertyValueSpecification\",\"valueRequired\":true,\"valueName\":\"search_term_string\"}}],\"inLanguage\":\"en-US\"}]}<\/script>\n<!-- \/ Yoast SEO plugin. -->","yoast_head_json":{"title":"Jean-Christophe Bouchard - NMW Law","robots":{"index":"index","follow":"follow","max-snippet":"max-snippet:-1","max-image-preview":"max-image-preview:large","max-video-preview":"max-video-preview:-1"},"canonical":"https:\/\/nmw.law\/le-cabinet\/notre-equipe\/jean-christophe-bouchard\/","og_locale":"en_US","og_type":"article","og_title":"Jean-Christophe Bouchard - NMW Law","og_description":"Droit commercial- Express Form Mergers Between Affiliates under French Law | Jean-Christophe Bouchard &amp; Philippe Gianviti&hellip; Read the rest","og_url":"https:\/\/nmw.law\/le-cabinet\/notre-equipe\/jean-christophe-bouchard\/","og_site_name":"NMW Law","article_modified_time":"2026-03-10T14:04:58+00:00","og_image":[{"width":300,"height":449,"url":"https:\/\/nmw.law\/wp-content\/uploads\/BOUCHARD-JC_photo.jpg","type":"image\/jpeg"}],"twitter_card":"summary_large_image","twitter_misc":{"Est. reading time":"2 minutes"},"schema":{"@context":"https:\/\/schema.org","@graph":[{"@type":"WebPage","@id":"https:\/\/nmw.law\/le-cabinet\/notre-equipe\/jean-christophe-bouchard\/","url":"https:\/\/nmw.law\/le-cabinet\/notre-equipe\/jean-christophe-bouchard\/","name":"Jean-Christophe Bouchard - NMW Law","isPartOf":{"@id":"https:\/\/nmw.law\/#website"},"primaryImageOfPage":{"@id":"https:\/\/nmw.law\/le-cabinet\/notre-equipe\/jean-christophe-bouchard\/#primaryimage"},"image":{"@id":"https:\/\/nmw.law\/le-cabinet\/notre-equipe\/jean-christophe-bouchard\/#primaryimage"},"thumbnailUrl":"https:\/\/nmw.law\/wp-content\/uploads\/BOUCHARD-JC_photo.jpg","datePublished":"2011-06-28T15:44:59+00:00","dateModified":"2026-03-10T14:04:58+00:00","breadcrumb":{"@id":"https:\/\/nmw.law\/le-cabinet\/notre-equipe\/jean-christophe-bouchard\/#breadcrumb"},"inLanguage":"en-US","potentialAction":[{"@type":"ReadAction","target":["https:\/\/nmw.law\/le-cabinet\/notre-equipe\/jean-christophe-bouchard\/"]}]},{"@type":"ImageObject","inLanguage":"en-US","@id":"https:\/\/nmw.law\/le-cabinet\/notre-equipe\/jean-christophe-bouchard\/#primaryimage","url":"https:\/\/nmw.law\/wp-content\/uploads\/BOUCHARD-JC_photo.jpg","contentUrl":"https:\/\/nmw.law\/wp-content\/uploads\/BOUCHARD-JC_photo.jpg","width":300,"height":449},{"@type":"BreadcrumbList","@id":"https:\/\/nmw.law\/le-cabinet\/notre-equipe\/jean-christophe-bouchard\/#breadcrumb","itemListElement":[{"@type":"ListItem","position":1,"name":"Accueil","item":"https:\/\/nmw.law\/"},{"@type":"ListItem","position":2,"name":"Le cabinet","item":"https:\/\/nmw.law\/le-cabinet\/"},{"@type":"ListItem","position":3,"name":"Notre \u00e9quipe","item":"https:\/\/nmw.law\/le-cabinet\/notre-equipe\/"},{"@type":"ListItem","position":4,"name":"Jean-Christophe Bouchard"}]},{"@type":"WebSite","@id":"https:\/\/nmw.law\/#website","url":"https:\/\/nmw.law\/","name":"NMW Law","description":"","potentialAction":[{"@type":"SearchAction","target":{"@type":"EntryPoint","urlTemplate":"https:\/\/nmw.law\/?s={search_term_string}"},"query-input":{"@type":"PropertyValueSpecification","valueRequired":true,"valueName":"search_term_string"}}],"inLanguage":"en-US"}]}},"_links":{"self":[{"href":"https:\/\/nmw.law\/en\/wp-json\/wp\/v2\/pages\/1294","targetHints":{"allow":["GET"]}}],"collection":[{"href":"https:\/\/nmw.law\/en\/wp-json\/wp\/v2\/pages"}],"about":[{"href":"https:\/\/nmw.law\/en\/wp-json\/wp\/v2\/types\/page"}],"author":[{"embeddable":true,"href":"https:\/\/nmw.law\/en\/wp-json\/wp\/v2\/users\/2"}],"replies":[{"embeddable":true,"href":"https:\/\/nmw.law\/en\/wp-json\/wp\/v2\/comments?post=1294"}],"version-history":[{"count":0,"href":"https:\/\/nmw.law\/en\/wp-json\/wp\/v2\/pages\/1294\/revisions"}],"up":[{"embeddable":true,"href":"https:\/\/nmw.law\/en\/wp-json\/wp\/v2\/pages\/14"}],"wp:featuredmedia":[{"embeddable":true,"href":"https:\/\/nmw.law\/en\/wp-json\/wp\/v2\/media\/4342"}],"wp:attachment":[{"href":"https:\/\/nmw.law\/en\/wp-json\/wp\/v2\/media?parent=1294"}],"curies":[{"name":"wp","href":"https:\/\/api.w.org\/{rel}","templated":true}]}}